{"id":3158,"date":"2019-02-07T15:25:15","date_gmt":"2019-02-07T15:25:15","guid":{"rendered":"http:\/\/formes.barcelona\/?page_id=3158"},"modified":"2022-03-02T16:09:09","modified_gmt":"2022-03-02T16:09:09","slug":"id-2","status":"publish","type":"page","link":"http:\/\/formes.barcelona\/es\/id-2\/","title":{"rendered":"I+D"},"content":{"rendered":"<p><div class=\"fusion-fullwidth fullwidth-box fusion-builder-row-1 fusion-flex-container nonhundred-percent-fullwidth non-hundred-percent-height-scrolling\" style=\"background-color: rgba(255,255,255,0);background-position: center center;background-repeat: no-repeat;border-width: 0px 0px 0px 0px;border-color:#e7e4e2;border-style:solid;\" ><div class=\"fusion-builder-row fusion-row fusion-flex-align-items-flex-start\" style=\"max-width:calc( 1280px + 0px );margin-left: calc(-0px \/ 2 );margin-right: calc(-0px \/ 2 );\"><div class=\"fusion-layout-column fusion_builder_column fusion-builder-column-0 fusion_builder_column_1_1 1_1 fusion-flex-column\"><div class=\"fusion-column-wrapper fusion-flex-justify-content-flex-start fusion-content-layout-column\" style=\"background-position:left top;background-repeat:no-repeat;-webkit-background-size:cover;-moz-background-size:cover;-o-background-size:cover;background-size:cover;padding: 0px 0px 0px 0px;\"><style type=\"text\/css\">.fusion-portfolio-wrapper#fusion-portfolio-1 .fusion-portfolio-content{ padding: 30px 35px 30px 35px; text-align: left; }<\/style><div class=\"fusion-recent-works fusion-portfolio-element fusion-portfolio fusion-portfolio-1 fusion-portfolio-grid fusion-portfolio-paging-none fusion-portfolio-three fusion-portfolio-boxed fusion-portfolio-text fusion-portfolio-equal-heights fusion-portfolio-rollover\" data-id=\"-rw-1\" data-columns=\"three\"><style type=\"text\/css\">.fusion-portfolio-1 .fusion-portfolio-wrapper .fusion-col-spacing{padding:20px;}<\/style><div class=\"fusion-portfolio-wrapper\" id=\"fusion-portfolio-1\" data-picturesize=\"auto\" data-pages=\"1\" style=\"margin:-20px;\"><article id=\"portfolio-1-post-2844\" class=\"fusion-portfolio-post id fusion-col-spacing post-2844\"><div class=\"fusion-portfolio-content-wrapper\" style=\"border:none;background-color:rgba(255,255,255,1);\"><span class=\"vcard rich-snippet-hidden\"><span class=\"fn\"><a href=\"http:\/\/formes.barcelona\/es\/author\/webmasterformes\/\" title=\"Entradas de webmasterformes\" rel=\"author\">webmasterformes<\/a><\/span><\/span><span class=\"updated rich-snippet-hidden\">2019-02-08T06:10:33+01:00<\/span><div  class=\"fusion-image-wrapper\" aria-haspopup=\"true\">\n\t\t\t\t<img decoding=\"async\" width=\"1200\" height=\"879\" src=\"http:\/\/formes.barcelona\/wp-content\/uploads\/2019\/01\/producto-sanitario-1200px-1.jpg\" class=\"attachment-full size-full wp-post-image\" alt=\"\" srcset=\"http:\/\/formes.barcelona\/wp-content\/uploads\/2019\/01\/producto-sanitario-1200px-1-200x147.jpg 200w, http:\/\/formes.barcelona\/wp-content\/uploads\/2019\/01\/producto-sanitario-1200px-1-400x293.jpg 400w, http:\/\/formes.barcelona\/wp-content\/uploads\/2019\/01\/producto-sanitario-1200px-1-600x440.jpg 600w, http:\/\/formes.barcelona\/wp-content\/uploads\/2019\/01\/producto-sanitario-1200px-1-800x586.jpg 800w, http:\/\/formes.barcelona\/wp-content\/uploads\/2019\/01\/producto-sanitario-1200px-1.jpg 1200w\" sizes=\"(min-width: 2200px) 100vw, (min-width: 1104px) 400px, (min-width: 1012px) 600px, (min-width: 920px) 1012px, \" \/><div class=\"fusion-rollover\">\n\t<div class=\"fusion-rollover-content\">\n\n\t\t\t\t\t\t\t\t\t\t\t\t\t\t<a class=\"fusion-rollover-link\" href=\"http:\/\/formes.barcelona\/es\/portfolio\/producto-sanitario\/\">Producto Sanitario<\/a>\n\t\t\t\n\t\t\t\t\t\t\t\t\t\t\t\t\t\t\n\t\t\t\t\t\t\t\t\n\t\t\t\t\t\t\t\t\t\t\t\t\t<div class=\"fusion-rollover-sep\"><\/div>\n\t\t\t\t\n\t\t\t\t\t\t\t\t\t\t\t\t\t\t\t\t\t\t<a class=\"fusion-rollover-gallery\" href=\"http:\/\/formes.barcelona\/wp-content\/uploads\/2019\/01\/producto-sanitario-1200px-1.jpg\" data-id=\"2844\" data-rel=\"iLightbox[gallery-rw-1]\" data-title=\"producto-sanitario-1200px\" data-caption=\"\">\n\t\t\t\t\t\tGaler\u00eda\t\t\t\t\t<\/a>\n\t\t\t\t\t\t\t\t\t\t\t\t\t\t\n\t\t\n\t\t\t\t\t\t\t\t\t\t\t\t<h4 class=\"fusion-rollover-title\">\n\t\t\t\t\t<a class=\"fusion-rollover-title-link\" href=\"http:\/\/formes.barcelona\/es\/portfolio\/producto-sanitario\/\">\n\t\t\t\t\t\tProducto Sanitario\t\t\t\t\t<\/a>\n\t\t\t\t<\/h4>\n\t\t\t\n\t\t\t\t\t\t\t\t\n\t\t\n\t\t\t\t\t\t<a class=\"fusion-link-wrapper\" href=\"http:\/\/formes.barcelona\/es\/portfolio\/producto-sanitario\/\" aria-label=\"Producto Sanitario\"><\/a>\n\t<\/div>\n<\/div>\n<\/div>\n<div class=\"fusion-portfolio-content\" style=\"background-color:rgba(255,255,255,1);\"><h2 class=\"entry-title fusion-post-title\"><a href=\"http:\/\/formes.barcelona\/es\/portfolio\/producto-sanitario\/\">Producto Sanitario<\/a><\/h2><div class=\"fusion-portfolio-meta\"><a href=\"http:\/\/formes.barcelona\/es\/projectes\/id\/\" rel=\"tag\">I+D<\/a><\/div><div class=\"fusion-content-sep sep-none\" style=\"border-color:#e7e4e2;\"><\/div><div class=\"fusion-post-content\"><p> \u00bfSabes cu\u00e1ntas v\u00edctimas de accidentes podr\u00edan sobrevivir y reducir <a href=\"http:\/\/formes.barcelona\/es\/portfolio\/producto-sanitario\/\"> [...]<\/a><\/p><\/div><\/div><\/div><\/article><article id=\"portfolio-1-post-3163\" class=\"fusion-portfolio-post id fusion-col-spacing post-3163\"><div class=\"fusion-portfolio-content-wrapper\" style=\"border:none;background-color:rgba(255,255,255,1);\"><span class=\"vcard rich-snippet-hidden\"><span class=\"fn\"><a href=\"http:\/\/formes.barcelona\/es\/author\/webmasterformes\/\" title=\"Entradas de webmasterformes\" rel=\"author\">webmasterformes<\/a><\/span><\/span><span class=\"updated rich-snippet-hidden\">2019-02-09T06:37:41+01:00<\/span><div  class=\"fusion-image-wrapper\" aria-haspopup=\"true\">\n\t\t\t\t<img decoding=\"async\" width=\"1200\" height=\"800\" src=\"http:\/\/formes.barcelona\/wp-content\/uploads\/2019\/02\/almacenaje-1200px.jpg\" class=\"attachment-full size-full wp-post-image\" alt=\"\" srcset=\"http:\/\/formes.barcelona\/wp-content\/uploads\/2019\/02\/almacenaje-1200px-200x133.jpg 200w, http:\/\/formes.barcelona\/wp-content\/uploads\/2019\/02\/almacenaje-1200px-400x267.jpg 400w, http:\/\/formes.barcelona\/wp-content\/uploads\/2019\/02\/almacenaje-1200px-600x400.jpg 600w, http:\/\/formes.barcelona\/wp-content\/uploads\/2019\/02\/almacenaje-1200px-800x533.jpg 800w, http:\/\/formes.barcelona\/wp-content\/uploads\/2019\/02\/almacenaje-1200px.jpg 1200w\" sizes=\"(min-width: 2200px) 100vw, (min-width: 1104px) 400px, (min-width: 1012px) 600px, (min-width: 920px) 1012px, \" \/><div class=\"fusion-rollover\">\n\t<div class=\"fusion-rollover-content\">\n\n\t\t\t\t\t\t\t\t\t\t\t\t\t\t<a class=\"fusion-rollover-link\" href=\"http:\/\/formes.barcelona\/es\/portfolio\/producto-sanitario-veterinario-y-de-consumo\/\">Producto Sanitario, veterinario y de Consumo<\/a>\n\t\t\t\n\t\t\t\t\t\t\t\t\t\t\t\t\t\t\n\t\t\t\t\t\t\t\t\n\t\t\t\t\t\t\t\t\t\t\t\t\t<div class=\"fusion-rollover-sep\"><\/div>\n\t\t\t\t\n\t\t\t\t\t\t\t\t\t\t\t\t\t\t\t\t\t\t<a class=\"fusion-rollover-gallery\" href=\"http:\/\/formes.barcelona\/wp-content\/uploads\/2019\/02\/almacenaje-1200px.jpg\" data-id=\"3163\" data-rel=\"iLightbox[gallery-rw-1]\" data-title=\"almacenaje-1200px\" data-caption=\"\">\n\t\t\t\t\t\tGaler\u00eda\t\t\t\t\t<\/a>\n\t\t\t\t\t\t\t\t\t\t\t\t\t\t\n\t\t\n\t\t\t\t\t\t\t\t\t\t\t\t<h4 class=\"fusion-rollover-title\">\n\t\t\t\t\t<a class=\"fusion-rollover-title-link\" href=\"http:\/\/formes.barcelona\/es\/portfolio\/producto-sanitario-veterinario-y-de-consumo\/\">\n\t\t\t\t\t\tProducto Sanitario, veterinario y de Consumo\t\t\t\t\t<\/a>\n\t\t\t\t<\/h4>\n\t\t\t\n\t\t\t\t\t\t\t\t\n\t\t\n\t\t\t\t\t\t<a class=\"fusion-link-wrapper\" href=\"http:\/\/formes.barcelona\/es\/portfolio\/producto-sanitario-veterinario-y-de-consumo\/\" aria-label=\"Producto Sanitario, veterinario y de Consumo\"><\/a>\n\t<\/div>\n<\/div>\n<\/div>\n<div class=\"fusion-portfolio-content\" style=\"background-color:rgba(255,255,255,1);\"><h2 class=\"entry-title fusion-post-title\"><a href=\"http:\/\/formes.barcelona\/es\/portfolio\/producto-sanitario-veterinario-y-de-consumo\/\">Producto Sanitario, veterinario y de Consumo<\/a><\/h2><div class=\"fusion-portfolio-meta\"><a href=\"http:\/\/formes.barcelona\/es\/projectes\/id\/\" rel=\"tag\">I+D<\/a><\/div><div class=\"fusion-content-sep sep-none\" style=\"border-color:#e7e4e2;\"><\/div><div class=\"fusion-post-content\"><p>\u00bfTe imaginas un producto fungible que se utilice en todo <a href=\"http:\/\/formes.barcelona\/es\/portfolio\/producto-sanitario-veterinario-y-de-consumo\/\"> [...]<\/a><\/p><\/div><\/div><\/div><\/article><article id=\"portfolio-1-post-3169\" class=\"fusion-portfolio-post id fusion-col-spacing post-3169\"><div class=\"fusion-portfolio-content-wrapper\" style=\"border:none;background-color:rgba(255,255,255,1);\"><span class=\"vcard rich-snippet-hidden\"><span class=\"fn\"><a href=\"http:\/\/formes.barcelona\/es\/author\/webmasterformes\/\" title=\"Entradas de webmasterformes\" rel=\"author\">webmasterformes<\/a><\/span><\/span><span class=\"updated rich-snippet-hidden\">2019-02-08T06:11:05+01:00<\/span><div  class=\"fusion-image-wrapper\" aria-haspopup=\"true\">\n\t\t\t\t<img decoding=\"async\" width=\"1200\" height=\"803\" src=\"http:\/\/formes.barcelona\/wp-content\/uploads\/2019\/02\/producto-veterinario-y-consumo-1200px.jpg\" class=\"attachment-full size-full wp-post-image\" alt=\"\" srcset=\"http:\/\/formes.barcelona\/wp-content\/uploads\/2019\/02\/producto-veterinario-y-consumo-1200px-200x134.jpg 200w, http:\/\/formes.barcelona\/wp-content\/uploads\/2019\/02\/producto-veterinario-y-consumo-1200px-400x268.jpg 400w, http:\/\/formes.barcelona\/wp-content\/uploads\/2019\/02\/producto-veterinario-y-consumo-1200px-600x402.jpg 600w, http:\/\/formes.barcelona\/wp-content\/uploads\/2019\/02\/producto-veterinario-y-consumo-1200px-800x535.jpg 800w, http:\/\/formes.barcelona\/wp-content\/uploads\/2019\/02\/producto-veterinario-y-consumo-1200px.jpg 1200w\" sizes=\"(min-width: 2200px) 100vw, (min-width: 1104px) 400px, (min-width: 1012px) 600px, (min-width: 920px) 1012px, \" \/><div class=\"fusion-rollover\">\n\t<div class=\"fusion-rollover-content\">\n\n\t\t\t\t\t\t\t\t\t\t\t\t\t\t<a class=\"fusion-rollover-link\" href=\"http:\/\/formes.barcelona\/es\/portfolio\/producto-veterinario-y-de-consumo\/\">Producto Veterinario y de Consumo<\/a>\n\t\t\t\n\t\t\t\t\t\t\t\t\t\t\t\t\t\t\n\t\t\t\t\t\t\t\t\n\t\t\t\t\t\t\t\t\t\t\t\t\t<div class=\"fusion-rollover-sep\"><\/div>\n\t\t\t\t\n\t\t\t\t\t\t\t\t\t\t\t\t\t\t\t\t\t\t<a class=\"fusion-rollover-gallery\" href=\"http:\/\/formes.barcelona\/wp-content\/uploads\/2019\/02\/producto-veterinario-y-consumo-1200px.jpg\" data-id=\"3169\" data-rel=\"iLightbox[gallery-rw-1]\" data-title=\"producto-veterinario-y-consumo-1200px\" data-caption=\"\">\n\t\t\t\t\t\tGaler\u00eda\t\t\t\t\t<\/a>\n\t\t\t\t\t\t\t\t\t\t\t\t\t\t\n\t\t\n\t\t\t\t\t\t\t\t\t\t\t\t<h4 class=\"fusion-rollover-title\">\n\t\t\t\t\t<a class=\"fusion-rollover-title-link\" href=\"http:\/\/formes.barcelona\/es\/portfolio\/producto-veterinario-y-de-consumo\/\">\n\t\t\t\t\t\tProducto Veterinario y de Consumo\t\t\t\t\t<\/a>\n\t\t\t\t<\/h4>\n\t\t\t\n\t\t\t\t\t\t\t\t\n\t\t\n\t\t\t\t\t\t<a class=\"fusion-link-wrapper\" href=\"http:\/\/formes.barcelona\/es\/portfolio\/producto-veterinario-y-de-consumo\/\" aria-label=\"Producto Veterinario y de Consumo\"><\/a>\n\t<\/div>\n<\/div>\n<\/div>\n<div class=\"fusion-portfolio-content\" style=\"background-color:rgba(255,255,255,1);\"><h2 class=\"entry-title fusion-post-title\"><a href=\"http:\/\/formes.barcelona\/es\/portfolio\/producto-veterinario-y-de-consumo\/\">Producto Veterinario y de Consumo<\/a><\/h2><div class=\"fusion-portfolio-meta\"><a href=\"http:\/\/formes.barcelona\/es\/projectes\/id\/\" rel=\"tag\">I+D<\/a><\/div><div class=\"fusion-content-sep sep-none\" style=\"border-color:#e7e4e2;\"><\/div><div class=\"fusion-post-content\"><p>\u00bfSabe la angustia y preocupaci\u00f3n que sufre el propietario de <a href=\"http:\/\/formes.barcelona\/es\/portfolio\/producto-veterinario-y-de-consumo\/\"> [...]<\/a><\/p><\/div><\/div><\/div><\/article><\/div><\/div><\/div><style type=\"text\/css\">.fusion-body .fusion-builder-column-0{width:100% !important;margin-top : 10px;margin-bottom : 10px;}.fusion-builder-column-0 > .fusion-column-wrapper {padding-top : 0px !important;padding-right : 0px !important;margin-right : 0px;padding-bottom : 0px !important;padding-left : 0px !important;margin-left : 0px;}@media only screen and (max-width:1024px) {.fusion-body .fusion-builder-column-0{width:100% !important;}.fusion-builder-column-0 > .fusion-column-wrapper {margin-right : 0px;margin-left : 0px;}}@media only screen and (max-width:640px) {.fusion-body .fusion-builder-column-0{width:100% !important;}.fusion-builder-column-0 > .fusion-column-wrapper {margin-right : 0px;margin-left : 0px;}}<\/style><\/div><\/div><style type=\"text\/css\">.fusion-body .fusion-flex-container.fusion-builder-row-1{ padding-top : 0px;margin-top : 0px;padding-right : 0px;padding-bottom : 0px;margin-bottom : 0px;padding-left : 0px;}<\/style><\/div><div class=\"fusion-fullwidth fullwidth-box fusion-builder-row-2 fusion-flex-container nonhundred-percent-fullwidth non-hundred-percent-height-scrolling\" style=\"background-color: rgba(255,255,255,0);background-position: center center;background-repeat: no-repeat;border-width: 0px 0px 0px 0px;border-color:#e7e4e2;border-style:solid;\" ><div class=\"fusion-builder-row fusion-row fusion-flex-align-items-flex-start\" style=\"max-width:calc( 1280px + 0px );margin-left: calc(-0px \/ 2 );margin-right: calc(-0px \/ 2 );\"><div class=\"fusion-layout-column fusion_builder_column fusion-builder-column-1 fusion_builder_column_1_1 1_1 fusion-flex-column\"><div class=\"fusion-column-wrapper fusion-flex-justify-content-flex-start fusion-content-layout-column\" style=\"background-position:left top;background-repeat:no-repeat;-webkit-background-size:cover;-moz-background-size:cover;-o-background-size:cover;background-size:cover;padding: 0px 0px 0px 0px;\"><\/div><style type=\"text\/css\">.fusion-body .fusion-builder-column-1{width:100% !important;margin-top : 0px;margin-bottom : 0px;}.fusion-builder-column-1 > .fusion-column-wrapper {padding-top : 0px !important;padding-right : 0px !important;margin-right : 0px;padding-bottom : 0px !important;padding-left : 0px !important;margin-left : 0px;}@media only screen and (max-width:1024px) {.fusion-body .fusion-builder-column-1{width:100% !important;}.fusion-builder-column-1 > .fusion-column-wrapper {margin-right : 0px;margin-left : 0px;}}@media only screen and (max-width:640px) {.fusion-body .fusion-builder-column-1{width:100% !important;}.fusion-builder-column-1 > .fusion-column-wrapper {margin-right : 0px;margin-left : 0px;}}<\/style><\/div><\/div><style type=\"text\/css\">.fusion-body .fusion-flex-container.fusion-builder-row-2{ padding-top : 0px;margin-top : 0px;padding-right : 0px;padding-bottom : 0px;margin-bottom : 0px;padding-left : 0px;}<\/style><\/div><\/p>\n","protected":false},"excerpt":{"rendered":"","protected":false},"author":1,"featured_media":0,"parent":0,"menu_order":0,"comment_status":"closed","ping_status":"closed","template":"","meta":{"footnotes":""},"_links":{"self":[{"href":"http:\/\/formes.barcelona\/es\/wp-json\/wp\/v2\/pages\/3158"}],"collection":[{"href":"http:\/\/formes.barcelona\/es\/wp-json\/wp\/v2\/pages"}],"about":[{"href":"http:\/\/formes.barcelona\/es\/wp-json\/wp\/v2\/types\/page"}],"author":[{"embeddable":true,"href":"http:\/\/formes.barcelona\/es\/wp-json\/wp\/v2\/users\/1"}],"replies":[{"embeddable":true,"href":"http:\/\/formes.barcelona\/es\/wp-json\/wp\/v2\/comments?post=3158"}],"version-history":[{"count":9,"href":"http:\/\/formes.barcelona\/es\/wp-json\/wp\/v2\/pages\/3158\/revisions"}],"predecessor-version":[{"id":3500,"href":"http:\/\/formes.barcelona\/es\/wp-json\/wp\/v2\/pages\/3158\/revisions\/3500"}],"wp:attachment":[{"href":"http:\/\/formes.barcelona\/es\/wp-json\/wp\/v2\/media?parent=3158"}],"curies":[{"name":"wp","href":"https:\/\/api.w.org\/{rel}","templated":true}]}}